{"id":462,"date":"2014-01-12T10:39:37","date_gmt":"2014-01-12T10:39:37","guid":{"rendered":"http:\/\/www.skiclub-eichenberg.de\/cms\/?page_id=462"},"modified":"2026-04-12T21:13:08","modified_gmt":"2026-04-12T21:13:08","slug":"startseite","status":"publish","type":"page","link":"https:\/\/www.skiclub-eichenberg.de\/cms\/","title":{"rendered":"Skiclub Eichenberg"},"content":{"rendered":"\n<div class=\"wp-block-columns\">\n<div class=\"wp-block-column\" style=\"flex-basis:100%\">\n<figure class=\"wp-block-gallery aligncenter columns-0 is-cropped\"><ul class=\"blocks-gallery-grid\"><\/ul><\/figure>\n<\/div>\n<\/div>\n\n\n<div style=\"text-align: center;\"><strong><em>\u00a0<\/em><\/strong><\/div>\n<div style=\"text-align: center;\"><span style=\"font-size: 18pt;\"><strong><span style=\"font-family: 'Times New Roman', serif; font-style: normal;\">\u00a0<\/span><\/strong><\/span><\/div>\n<div><span style=\"text-decoration: underline;\">Aktivit\u00e4ten:<\/span><\/div>\n<div><strong>Im Winter<\/strong><\/div>\n<p>Alfred`s Skigymnastik \u00a0ab 02.10 2025 immer Donnerstags von 19:30 Uhr bis 21:00 Uhr bis 26.03.2026 in der Pestalozzi-Schulturnhalle in H\u00f6sbach. Das Angebot gilt f\u00fcr Jedermann und ist nat\u00fcrlich <strong>komplett kostenfrei<\/strong>.<\/p>\n<p><strong>Im Sommer\/Herbst<\/strong><br \/>vom\u00a0 Mai\u00a0 bis zum\u00a0 September\u00a0 Mountainbiketouren\u00a0 jeden\u00a0Mittwoch<br \/>Abfahrt um 16:00 Uhr (oder nach Absprache) im Bl\u00fctenweg 8\u00a0 in Rottenberg. Die Strecken sind \u00fcberwiegend auf Waldwegen und Wanderpfaden! \u00a0Auch dieses Angebot gilt f\u00fcr Jedermann und ist nat\u00fcrlich kostenfrei. Info bei A. Thoma\u00a0 Tel.01605042022<\/p>\n<p><strong>Fitness und Gymnastik f\u00fcr Jedermann<\/strong><\/p>\n<p>Auch in diesem Jahr wird jeden Donnerstag von 19:30 Uhr bis 21:00 Uhr in der Pestalozzischule in H\u00f6sbach (am Schulzentrum) eine eineinhalbst\u00fcndige Fitness- und Gymnastikeinheit angeboten. \u00dcbungsleiter Alfred stellt jeweils ein \u00dcbungsprogramm zusammen, das f\u00fcr Jedermann (m\u00e4nnlich und weiblich, jung und auch etwas in die Jahre gekommen) problemlos zu absolvieren ist. K\u00f6rperliche Fitness h\u00e4lt jung und f\u00f6rdert die Gesundheit. Die \u00dcbungsstunden sind f\u00fcr die Mitglieder des Ski-Clubs Eichenberg und f\u00fcr die des FC Eichenberg kostenfrei. Einfach hingehen und mitmachen, Anmeldung ist nicht erforderlich.Auch G\u00e4ste sind herzlich willkommen.<\/p>\n<p><strong>N\u00e4chste\u00a0 Gymnastik :\u00a0 <\/strong><strong>Herbst <\/strong><strong>2026\u00a0 \u00a019:30 Uhr<\/strong><\/p>\n<p><strong>Liebe Skiclubmitglieder<\/strong>,<\/p>\n<p>wie angek\u00fcndigt werden wir am Samstag, den 20.06.2026 einen Tagesausflug nach B\u00fcdingen unternehmen. Wir starten um 10.00 Uhr beim Omnibusunternehmen Kempf und werden zun\u00e4chst die Burg Ronneburg ansteuern. Auf dem Parkplatz wird ein kleines Fr\u00fchst\u00fcck angeboten. Anschlie\u00dfend fahren wir nach B\u00fcdingen weiter, wo wir um 13.30 Uhr an einer Erlebnisstadtf\u00fchrung teilnehmen werden (Dauer ca. 90 Minuten). Bis 17.00 Uhr kann jeder selbst die Stadt B\u00fcdingen noch erkunden bzw. einen Kaffee\/Kuchen zum Beispiel im Cafe Fanny genie\u00dfen. Es gibt auch die M\u00f6glichkeit drei Museen zu besuchen (im Rathaus das eintrittsfreie Heuson-Museum, Schlo\u00dfmuseum 7,00 \u20ac oder 50-Jahre-Museum 5,00 \u20ac). Das Abendessen nehmen wir gemeinsam beim Gasthof Bleffe in der Altstadt ein. R\u00fcckfahrt ist gegen 20.00 Uhr geplant, so dass wir um 21.00 Uhr wieder in Eichemich sind. Es wird ein Unkostenbeitrag von 20 \u20ac f\u00fcr die Busfahrt und Stadtf\u00fchrung erhoben. Anmeldung bitte bei Manfred Lebert (Telef. Nr. 06024\/4272 oder per Mail: manfredlebert@web.de).<\/p>\n<p>\u00a0<\/p>\n<p><span style=\"text-decoration: underline;\"><strong>R\u00fcckblick<br \/>Skitour Schladming 18.03.-22.03 2017<\/strong><\/span><\/p>\n<p><img loading=\"lazy\" class=\"wp-image-1371 aligncenter\" src=\"http:\/\/www.skiclub-eichenberg.de\/cms\/wp-content\/uploads\/2014\/01\/P1090137-300x225.jpg\" alt=\"\" width=\"344\" height=\"258\" srcset=\"https:\/\/www.skiclub-eichenberg.de\/cms\/wp-content\/uploads\/2014\/01\/P1090137-300x225.jpg 300w, https:\/\/www.skiclub-eichenberg.de\/cms\/wp-content\/uploads\/2014\/01\/P1090137-768x576.jpg 768w, https:\/\/www.skiclub-eichenberg.de\/cms\/wp-content\/uploads\/2014\/01\/P1090137-1024x768.jpg 1024w\" sizes=\"(max-width: 344px) 100vw, 344px\" \/><\/p>\n<p><span style=\"text-decoration: underline;\"><strong>Jugendskitour 2018 nach Kaprun<br \/><\/strong><\/span>Der<strong> Dank<\/strong> f\u00fcr 3 tolle Ski-Tage geht wieder an <strong>Manfred Lebert<\/strong><img loading=\"lazy\" class=\"wp-image-1456 aligncenter\" src=\"http:\/\/www.skiclub-eichenberg.de\/cms\/wp-content\/uploads\/2014\/01\/IMG_3240-300x225.jpg\" alt=\"\" width=\"316\" height=\"237\" srcset=\"https:\/\/www.skiclub-eichenberg.de\/cms\/wp-content\/uploads\/2014\/01\/IMG_3240-300x225.jpg 300w, https:\/\/www.skiclub-eichenberg.de\/cms\/wp-content\/uploads\/2014\/01\/IMG_3240-768x576.jpg 768w, https:\/\/www.skiclub-eichenberg.de\/cms\/wp-content\/uploads\/2014\/01\/IMG_3240-1024x768.jpg 1024w\" sizes=\"(max-width: 316px) 100vw, 316px\" \/><\/p>\n\n\n<h2><\/h2>\n","protected":false},"excerpt":{"rendered":"<p>\u00a0 \u00a0 Aktivit\u00e4ten: Im Winter Alfred`s Skigymnastik \u00a0ab 02.10 2025 immer Donnerstags von 19:30 Uhr bis 21:00 Uhr bis 26.03.2026 in der Pestalozzi-Schulturnhalle in H\u00f6sbach. Das Angebot gilt f\u00fcr Jedermann und ist nat\u00fcrlich komplett kostenfrei. Im Sommer\/Herbstvom\u00a0 Mai\u00a0 bis zum\u00a0 &hellip; <a href=\"https:\/\/www.skiclub-eichenberg.de\/cms\/\">Read more <span class=\"meta-nav\">&raquo;<\/span><\/a><\/p>\n","protected":false},"author":2,"featured_media":505,"parent":0,"menu_order":0,"comment_status":"closed","ping_status":"closed","template":"","meta":[],"_links":{"self":[{"href":"https:\/\/www.skiclub-eichenberg.de\/cms\/wp-json\/wp\/v2\/pages\/462"}],"collection":[{"href":"https:\/\/www.skiclub-eichenberg.de\/cms\/wp-json\/wp\/v2\/pages"}],"about":[{"href":"https:\/\/www.skiclub-eichenberg.de\/cms\/wp-json\/wp\/v2\/types\/page"}],"author":[{"embeddable":true,"href":"https:\/\/www.skiclub-eichenberg.de\/cms\/wp-json\/wp\/v2\/users\/2"}],"replies":[{"embeddable":true,"href":"https:\/\/www.skiclub-eichenberg.de\/cms\/wp-json\/wp\/v2\/comments?post=462"}],"version-history":[{"count":390,"href":"https:\/\/www.skiclub-eichenberg.de\/cms\/wp-json\/wp\/v2\/pages\/462\/revisions"}],"predecessor-version":[{"id":1775,"href":"https:\/\/www.skiclub-eichenberg.de\/cms\/wp-json\/wp\/v2\/pages\/462\/revisions\/1775"}],"wp:featuredmedia":[{"embeddable":true,"href":"https:\/\/www.skiclub-eichenberg.de\/cms\/wp-json\/wp\/v2\/media\/505"}],"wp:attachment":[{"href":"https:\/\/www.skiclub-eichenberg.de\/cms\/wp-json\/wp\/v2\/media?parent=462"}],"curies":[{"name":"wp","href":"https:\/\/api.w.org\/{rel}","templated":true}]}}