{"id":58,"date":"2011-02-26T11:05:53","date_gmt":"2011-02-26T11:05:53","guid":{"rendered":"http:\/\/www.skiclub-eichenberg.de\/cms\/?page_id=58"},"modified":"2016-01-11T08:41:15","modified_gmt":"2016-01-11T08:41:15","slug":"mitgliedsantrag","status":"publish","type":"page","link":"https:\/\/www.skiclub-eichenberg.de\/cms\/mitgliedsantrag\/","title":{"rendered":"Mitgliedsantrag"},"content":{"rendered":"<p>Den Antrag k\u00f6nnen Sie als <a href=\"http:\/\/www.skiclub-eichenberg.de\/cms\/wp-content\/uploads\/2011\/02\/Mitgliederantrag-2016.pdf\">PDF HIER<\/a> herunterladen.<\/p>\n<p>Sollte der Antrag nicht angezeigt werden, w\u00e4hlen Sie &#8222;Ziel Speichern unter&#8230;&#8220; und \u00f6ffnen Sie das PDF mit dem PDF Reader Ihres Computers.<\/p>\n","protected":false},"excerpt":{"rendered":"<p>Den Antrag k\u00f6nnen Sie als PDF HIER herunterladen. Sollte der Antrag nicht angezeigt werden, w\u00e4hlen Sie &#8222;Ziel Speichern unter&#8230;&#8220; und \u00f6ffnen Sie das PDF mit dem PDF Reader Ihres Computers.<\/p>\n","protected":false},"author":1,"featured_media":0,"parent":0,"menu_order":0,"comment_status":"closed","ping_status":"open","template":"","meta":[],"_links":{"self":[{"href":"https:\/\/www.skiclub-eichenberg.de\/cms\/wp-json\/wp\/v2\/pages\/58"}],"collection":[{"href":"https:\/\/www.skiclub-eichenberg.de\/cms\/wp-json\/wp\/v2\/pages"}],"about":[{"href":"https:\/\/www.skiclub-eichenberg.de\/cms\/wp-json\/wp\/v2\/types\/page"}],"author":[{"embeddable":true,"href":"https:\/\/www.skiclub-eichenberg.de\/cms\/wp-json\/wp\/v2\/users\/1"}],"replies":[{"embeddable":true,"href":"https:\/\/www.skiclub-eichenberg.de\/cms\/wp-json\/wp\/v2\/comments?post=58"}],"version-history":[{"count":6,"href":"https:\/\/www.skiclub-eichenberg.de\/cms\/wp-json\/wp\/v2\/pages\/58\/revisions"}],"predecessor-version":[{"id":1234,"href":"https:\/\/www.skiclub-eichenberg.de\/cms\/wp-json\/wp\/v2\/pages\/58\/revisions\/1234"}],"wp:attachment":[{"href":"https:\/\/www.skiclub-eichenberg.de\/cms\/wp-json\/wp\/v2\/media?parent=58"}],"curies":[{"name":"wp","href":"https:\/\/api.w.org\/{rel}","templated":true}]}}