{"id":9,"date":"2011-02-26T10:25:24","date_gmt":"2011-02-26T10:25:24","guid":{"rendered":"http:\/\/www.skiclub-eichenberg.de\/cms\/?page_id=9"},"modified":"2018-03-26T19:40:07","modified_gmt":"2018-03-26T19:40:07","slug":"ski-verleih","status":"publish","type":"page","link":"https:\/\/www.skiclub-eichenberg.de\/cms\/ski-verleih\/","title":{"rendered":"Ski-Verleih"},"content":{"rendered":"<p>Ab sofort an Mitglieder zu verleihen:<br \/>\n1. Herren-Ski ATOMIC, Allroundcarver, L\u00e4nge 1,70 m, Testurteil sehr gut<br \/>\n2. Herren-Ski SALOMON, Allroundcarver, L\u00e4nge 1,70 m, Testurteil sehr gut<br \/>\n3. Frauen-Ski HEAD, Damen-Carver, L\u00e4nge 1,60 m, Testurteil sehr gut<br \/>\n4. Carving-Ski V\u00f6lkl Supersport S5, L\u00e4nge 1,68m,&nbsp; Radius 14,7m<\/p>\n<p>Mietgeb\u00fchr: 5 EURO pro Tag, zuz\u00fcglich Skiservice bei R\u00fcckgabe.<\/p>\n<p>Die Ski sind Eigentum des Skiclubs und k\u00f6nnen bei Alfred Thoma, Bl\u00fctenweg 8, 63768 Rottenberg, Tel. 06024\/4810 Handy: 0160\/5845803 Mail: al.thoma@t-online.de ausgeliehen werden.<\/p>\n","protected":false},"excerpt":{"rendered":"<p>Ab sofort an Mitglieder zu verleihen: 1. Herren-Ski ATOMIC, Allroundcarver, L\u00e4nge 1,70 m, Testurteil sehr gut 2. Herren-Ski SALOMON, Allroundcarver, L\u00e4nge 1,70 m, Testurteil sehr gut 3. Frauen-Ski HEAD, Damen-Carver, L\u00e4nge 1,60 m, Testurteil sehr gut 4. Carving-Ski V\u00f6lkl Supersport &hellip; <a href=\"https:\/\/www.skiclub-eichenberg.de\/cms\/ski-verleih\/\">Read more <span class=\"meta-nav\">&raquo;<\/span><\/a><\/p>\n","protected":false},"author":1,"featured_media":0,"parent":0,"menu_order":0,"comment_status":"closed","ping_status":"closed","template":"","meta":[],"_links":{"self":[{"href":"https:\/\/www.skiclub-eichenberg.de\/cms\/wp-json\/wp\/v2\/pages\/9"}],"collection":[{"href":"https:\/\/www.skiclub-eichenberg.de\/cms\/wp-json\/wp\/v2\/pages"}],"about":[{"href":"https:\/\/www.skiclub-eichenberg.de\/cms\/wp-json\/wp\/v2\/types\/page"}],"author":[{"embeddable":true,"href":"https:\/\/www.skiclub-eichenberg.de\/cms\/wp-json\/wp\/v2\/users\/1"}],"replies":[{"embeddable":true,"href":"https:\/\/www.skiclub-eichenberg.de\/cms\/wp-json\/wp\/v2\/comments?post=9"}],"version-history":[{"count":7,"href":"https:\/\/www.skiclub-eichenberg.de\/cms\/wp-json\/wp\/v2\/pages\/9\/revisions"}],"predecessor-version":[{"id":1479,"href":"https:\/\/www.skiclub-eichenberg.de\/cms\/wp-json\/wp\/v2\/pages\/9\/revisions\/1479"}],"wp:attachment":[{"href":"https:\/\/www.skiclub-eichenberg.de\/cms\/wp-json\/wp\/v2\/media?parent=9"}],"curies":[{"name":"wp","href":"https:\/\/api.w.org\/{rel}","templated":true}]}}